{"id":561,"date":"2022-05-02T13:41:55","date_gmt":"2022-05-02T13:41:55","guid":{"rendered":"https:\/\/novascotiastart.ca\/commencer-une-affaire\/"},"modified":"2022-05-06T16:56:11","modified_gmt":"2022-05-06T16:56:11","slug":"commencer-une-affaire","status":"publish","type":"page","link":"https:\/\/novascotiastart.ca\/fr\/commencer-une-affaire\/","title":{"rendered":"Commencer une affaire"},"content":{"rendered":"\n<h1>\n\t\tD\u00e9marre une entreprise\n\t<\/h1>\n\t<p>Vous songez \u00e0 d\u00e9marrer une entreprise? Nova Scotia Start pr\u00e9-arriv\u00e9e peut vous mettre en contact avec une \u00e9quipe d\u00e9di\u00e9e de professionnels des affaires pour vous aider \u00e0 d\u00e9marrer ou \u00e0 exploiter une entreprise en Nouvelle-\u00c9cosse.<\/p>\n\t\t\t\t<img decoding=\"async\" loading=\"lazy\" src=\"https:\/\/novascotiastart.ca\/wp-content\/uploads\/2022\/02\/conversation.png\" alt=\"conversation\" itemprop=\"image\" height=\"128\" width=\"128\" title=\"conversation\" onerror=\"this.style.display='none'\"  \/>\n\t<h3>Conseil et accompagnement des entreprises<\/h3>\n<p>Avec l&rsquo;aide de nos conseillers en affaires, vous serez en mesure de prendre une d\u00e9cision \u00e9clair\u00e9e quant au d\u00e9marrage de votre propre entreprise en Nouvelle-\u00c9cosse.<\/p>\n\t\t\t\t<img decoding=\"async\" loading=\"lazy\" src=\"https:\/\/novascotiastart.ca\/wp-content\/uploads\/2022\/02\/procurement.png\" alt=\"approvisionnement\" itemprop=\"image\" height=\"128\" width=\"128\" title=\"approvisionnement\" onerror=\"this.style.display='none'\"  \/>\n\t<h3>Pr\u00e9parez-vous \u00e0 d\u00e9marrer une entreprise<\/h3>\n<p>Nos conseillers en affaires vous aideront \u00e0 comprendre comment d\u00e9marrer une entreprise en Nouvelle-\u00c9cosse et vous aideront \u00e0 faire vos premiers pas vers le succ\u00e8s en affaires.<\/p>\n\t\t\t\t<img decoding=\"async\" loading=\"lazy\" src=\"https:\/\/novascotiastart.ca\/wp-content\/uploads\/2022\/02\/handshake.png\" alt=\"poign\u00e9e de main\" itemprop=\"image\" height=\"128\" width=\"128\" title=\"poign\u00e9e de main\" onerror=\"this.style.display='none'\"  \/>\n\t<h3>Lien<\/h3>\n<p>Nous vous connectons \u00e0 notre r\u00e9seau de mentors et d&rsquo;entrepreneurs immigrants pour vous aider \u00e0 d\u00e9marrer et \u00e0 d\u00e9velopper votre entreprise<\/p>\n<h1>\n\t\tDevenez client aujourd&rsquo;hui.\n\t<\/h1>\n\t<p>Pr\u00eat \u00e0 commencer votre voyage ?<\/p>\n<p>La premi\u00e8re \u00e9tape vers un voyage d&rsquo;\u00e9tablissement r\u00e9confortant et clair en Nouvelle-\u00c9cosse vous attend.<\/p>\n\t\t\t<a href=\"https:\/\/www.immigrationfrancophonene.ca\/avant-arrivee\" target=\"_self\" role=\"button\" rel=\"noopener\">\n\t\t\t\t\t\t\tCOMMENCEZ AUJOURD&rsquo;HUI\n\t\t\t\t\t<\/a>\n\n","protected":false},"excerpt":{"rendered":"<p>D\u00e9marre une entreprise Vous songez \u00e0 d\u00e9marrer une entreprise? Nova Scotia Start pr\u00e9-arriv\u00e9e peut vous mettre en contact avec une \u00e9quipe d\u00e9di\u00e9e de professionnels des affaires pour vous aider \u00e0 d\u00e9marrer ou \u00e0 exploiter une entreprise en Nouvelle-\u00c9cosse. Conseil et accompagnement des entreprises Avec l&rsquo;aide de nos conseillers en affaires, vous serez en mesure de&hellip;<\/p>\n","protected":false},"author":1,"featured_media":0,"parent":0,"menu_order":0,"comment_status":"closed","ping_status":"closed","template":"","meta":{"footnotes":""},"aioseo_notices":[],"_links":{"self":[{"href":"https:\/\/novascotiastart.ca\/fr\/wp-json\/wp\/v2\/pages\/561"}],"collection":[{"href":"https:\/\/novascotiastart.ca\/fr\/wp-json\/wp\/v2\/pages"}],"about":[{"href":"https:\/\/novascotiastart.ca\/fr\/wp-json\/wp\/v2\/types\/page"}],"author":[{"embeddable":true,"href":"https:\/\/novascotiastart.ca\/fr\/wp-json\/wp\/v2\/users\/1"}],"replies":[{"embeddable":true,"href":"https:\/\/novascotiastart.ca\/fr\/wp-json\/wp\/v2\/comments?post=561"}],"version-history":[{"count":1,"href":"https:\/\/novascotiastart.ca\/fr\/wp-json\/wp\/v2\/pages\/561\/revisions"}],"predecessor-version":[{"id":566,"href":"https:\/\/novascotiastart.ca\/fr\/wp-json\/wp\/v2\/pages\/561\/revisions\/566"}],"wp:attachment":[{"href":"https:\/\/novascotiastart.ca\/fr\/wp-json\/wp\/v2\/media?parent=561"}],"curies":[{"name":"wp","href":"https:\/\/api.w.org\/{rel}","templated":true}]}}