{"id":560,"date":"2022-05-02T13:41:54","date_gmt":"2022-05-02T13:41:54","guid":{"rendered":"https:\/\/novascotiastart.ca\/devenir-un-client-start\/"},"modified":"2022-05-06T16:57:14","modified_gmt":"2022-05-06T16:57:14","slug":"devenir-un-client-start","status":"publish","type":"page","link":"https:\/\/novascotiastart.ca\/fr\/devenir-un-client-start\/","title":{"rendered":"Devenir un client START"},"content":{"rendered":"\n<h1>\n\t\t\u00c0 propos de nous\n\t<\/h1>\n\t<p>Nova Scotia Start offre confort, clart\u00e9 et tranquillit\u00e9 d&rsquo;esprit aux immigrants \u00e0 l&rsquo;ext\u00e9rieur du Canada, qui ont \u00e9t\u00e9 nomm\u00e9s ou ont re\u00e7u l&rsquo;approbation de la Nouvelle-\u00c9cosse (PNP). Gr\u00e2ce \u00e0 Nova Scotia Start, vous recevrez un plan d&rsquo;\u00e9tablissement personnalis\u00e9 pour commencer une nouvelle vie en Nouvelle-\u00c9cosse.<\/p>\n<h2>\n\t\tV\u00e9rifier mon admissibilit\u00e9\n\t<\/h2>\n\t<p><strong>Qui peut participer \u00e0 Nova Scotia Start?<\/strong><\/p>\n<ul>\n<li>R\u00e9sidents permanents et citoyens canadiens n\u00e9s \u00e0 l&rsquo;ext\u00e9rieur du Canada<\/li>\n<li>Candidats de la Nouvelle-\u00c9cosse &#8211; ressortissants \u00e9trangers et leurs personnes \u00e0 charge qui ont \u00e9t\u00e9 nomm\u00e9s<\/li>\n<li>Dipl\u00f4m\u00e9s internationaux qui ont demand\u00e9 la r\u00e9sidence permanente<\/li>\n<li>Travailleurs \u00e9trangers temporaires qui ont demand\u00e9 la r\u00e9sidence permanente<\/li>\n<li>Personnes prot\u00e9g\u00e9es, telles que d\u00e9finies \u00e0 l&rsquo;article 95 de la Loi sur l&rsquo;immigration et la protection des r\u00e9fugi\u00e9s<\/li>\n<li>Particuliers et leurs personnes \u00e0 charge en attente de v\u00e9rifications statutaires de Citoyennet\u00e9 et Immigration Canada<\/li>\n<\/ul>\n\t<p><strong>Admissibilit\u00e9 \u00e0 participer \u00e0 Nova Scotia Start?<\/strong><\/p>\n<p>Vous pouvez participer si vous disposez de l&rsquo; <u>un<\/u> des \u00e9l\u00e9ments suivants&nbsp;:<\/p>\n<ul>\n<li>une lettre de nomination de l&rsquo;Office de l&rsquo;immigration de la Nouvelle-\u00c9cosse<\/li>\n<li>une lettre de Citoyennet\u00e9 et Immigration Canada indiquant les personnes en attente de v\u00e9rifications r\u00e9glementaires de CIC<\/li>\n<li>une lettre notifiant la prise en charge du visa canadien<\/li>\n<li>un visa canadien (mais n&rsquo;ont pas encore atterri au Canada)<\/li>\n<li>une carte de r\u00e9sident permanent<\/li>\n\n<\/ul>\n<h1>\n\t\tDevenez client aujourd&rsquo;hui.\n\t<\/h1>\n\t<p>Pr\u00eat \u00e0 commencer votre voyage ?<\/p>\n<p>La premi\u00e8re \u00e9tape vers un voyage d&rsquo;\u00e9tablissement r\u00e9confortant et clair en Nouvelle-\u00c9cosse vous attend.<\/p>\n\t\t\t<a href=\"https:\/\/www.immigrationfrancophonene.ca\/avant-arrivee\" target=\"_self\" role=\"button\" rel=\"noopener\">\n\t\t\t\t\t\t\tCOMMENCEZ AUJOURD&rsquo;HUI\n\t\t\t\t\t<\/a>\n\n","protected":false},"excerpt":{"rendered":"<p>\u00c0 propos de nous Nova Scotia Start offre confort, clart\u00e9 et tranquillit\u00e9 d&rsquo;esprit aux immigrants \u00e0 l&rsquo;ext\u00e9rieur du Canada, qui ont \u00e9t\u00e9 nomm\u00e9s ou ont re\u00e7u l&rsquo;approbation de la Nouvelle-\u00c9cosse (PNP). Gr\u00e2ce \u00e0 Nova Scotia Start, vous recevrez un plan d&rsquo;\u00e9tablissement personnalis\u00e9 pour commencer une nouvelle vie en Nouvelle-\u00c9cosse. V\u00e9rifier mon admissibilit\u00e9 Qui peut participer&hellip;<\/p>\n","protected":false},"author":1,"featured_media":0,"parent":0,"menu_order":0,"comment_status":"closed","ping_status":"closed","template":"","meta":{"footnotes":""},"aioseo_notices":[],"_links":{"self":[{"href":"https:\/\/novascotiastart.ca\/fr\/wp-json\/wp\/v2\/pages\/560"}],"collection":[{"href":"https:\/\/novascotiastart.ca\/fr\/wp-json\/wp\/v2\/pages"}],"about":[{"href":"https:\/\/novascotiastart.ca\/fr\/wp-json\/wp\/v2\/types\/page"}],"author":[{"embeddable":true,"href":"https:\/\/novascotiastart.ca\/fr\/wp-json\/wp\/v2\/users\/1"}],"replies":[{"embeddable":true,"href":"https:\/\/novascotiastart.ca\/fr\/wp-json\/wp\/v2\/comments?post=560"}],"version-history":[{"count":1,"href":"https:\/\/novascotiastart.ca\/fr\/wp-json\/wp\/v2\/pages\/560\/revisions"}],"predecessor-version":[{"id":567,"href":"https:\/\/novascotiastart.ca\/fr\/wp-json\/wp\/v2\/pages\/560\/revisions\/567"}],"wp:attachment":[{"href":"https:\/\/novascotiastart.ca\/fr\/wp-json\/wp\/v2\/media?parent=560"}],"curies":[{"name":"wp","href":"https:\/\/api.w.org\/{rel}","templated":true}]}}