{"id":556,"date":"2022-05-02T13:41:54","date_gmt":"2022-05-02T13:41:54","guid":{"rendered":"https:\/\/novascotiastart.ca\/apprendre-langlais\/"},"modified":"2022-05-06T16:42:26","modified_gmt":"2022-05-06T16:42:26","slug":"apprendre-langlais","status":"publish","type":"page","link":"https:\/\/novascotiastart.ca\/fr\/apprendre-langlais\/","title":{"rendered":"Apprendre l&rsquo;anglais"},"content":{"rendered":"\n<h1>\n\t\tApprendre l&rsquo;anglais\n\t<\/h1>\n\t<p>Si vous cherchez \u00e0 am\u00e9liorer vos comp\u00e9tences en anglais pour travailler en Nouvelle-\u00c9cosse, Nova Scotia Start Pre-arrival peut vous offrir la possibilit\u00e9 d&rsquo;acc\u00e9der \u00e0 de nombreux programmes linguistiques utiles.<\/p>\n\t\t\t\t<img decoding=\"async\" loading=\"lazy\" src=\"https:\/\/novascotiastart.ca\/wp-content\/uploads\/2022\/02\/list.png\" alt=\"liste\" itemprop=\"image\" height=\"128\" width=\"128\" title=\"liste\" onerror=\"this.style.display='none'\"  \/>\n\t<h3>\u00c9valuation linguistique<\/h3>\n<p>Si vous n&rsquo;avez pas effectu\u00e9 d&rsquo;\u00e9valuation linguistique formelle, vous pouvez participer \u00e0 une \u00e9valuation d&rsquo;anglais en ligne pour vous assurer que vous \u00eates connect\u00e9 \u00e0 la formation d&rsquo;anglais avant l&rsquo;arriv\u00e9e qui correspond le mieux \u00e0 vos besoins.<\/p>\n\t\t\t\t<img decoding=\"async\" loading=\"lazy\" src=\"https:\/\/novascotiastart.ca\/wp-content\/uploads\/2022\/02\/conversation.png\" alt=\"conversation\" itemprop=\"image\" height=\"128\" width=\"128\" title=\"conversation\" onerror=\"this.style.display='none'\"  \/>\n\t<h3>Conseil linguistique<\/h3>\n<p>Rencontrer le conseiller en anglais avant l&rsquo;arriv\u00e9e vous aide \u00e0 comprendre les programmes disponibles et vous met en contact avec des programmes pour vous aider \u00e0 converser en toute confiance.<\/p>\n\t\t\t\t<img decoding=\"async\" loading=\"lazy\" src=\"https:\/\/novascotiastart.ca\/wp-content\/uploads\/2022\/02\/dictionary.png\" alt=\"dictionnaire\" itemprop=\"image\" height=\"128\" width=\"128\" title=\"dictionnaire\" onerror=\"this.style.display='none'\"  \/>\n\t<h3>Formation en anglais<\/h3>\n<p>Nova Scotia Start pr\u00e9-arriv\u00e9e offre des programmes d&rsquo;anglais pour vous aider \u00e0 communiquer avec succ\u00e8s au travail et vous enseigne les termes entrepreneuriaux pour faire des affaires en Nouvelle-\u00c9cosse. Ces programmes vous donneront le vocabulaire dont vous avez besoin pour atteindre vos objectifs professionnels.<\/p>\n<h1>\n\t\tDevenez client aujourd&rsquo;hui.\n\t<\/h1>\n\t<p>Pr\u00eat \u00e0 commencer votre voyage ?<\/p>\n<p>La premi\u00e8re \u00e9tape vers un voyage d&rsquo;\u00e9tablissement r\u00e9confortant et clair en Nouvelle-\u00c9cosse vous attend.<\/p>\n\t\t\t<a href=\"https:\/\/www.immigrationfrancophonene.ca\/avant-arrivee\" target=\"_self\" role=\"button\" rel=\"noopener\">\n\t\t\t\t\t\t\tCOMMENCEZ AUJOURD&rsquo;HUI\n\t\t\t\t\t<\/a>\n\n","protected":false},"excerpt":{"rendered":"<p>Apprendre l&rsquo;anglais Si vous cherchez \u00e0 am\u00e9liorer vos comp\u00e9tences en anglais pour travailler en Nouvelle-\u00c9cosse, Nova Scotia Start Pre-arrival peut vous offrir la possibilit\u00e9 d&rsquo;acc\u00e9der \u00e0 de nombreux programmes linguistiques utiles. \u00c9valuation linguistique Si vous n&rsquo;avez pas effectu\u00e9 d&rsquo;\u00e9valuation linguistique formelle, vous pouvez participer \u00e0 une \u00e9valuation d&rsquo;anglais en ligne pour vous assurer que vous&hellip;<\/p>\n","protected":false},"author":1,"featured_media":0,"parent":0,"menu_order":0,"comment_status":"closed","ping_status":"closed","template":"","meta":{"footnotes":""},"aioseo_notices":[],"_links":{"self":[{"href":"https:\/\/novascotiastart.ca\/fr\/wp-json\/wp\/v2\/pages\/556"}],"collection":[{"href":"https:\/\/novascotiastart.ca\/fr\/wp-json\/wp\/v2\/pages"}],"about":[{"href":"https:\/\/novascotiastart.ca\/fr\/wp-json\/wp\/v2\/types\/page"}],"author":[{"embeddable":true,"href":"https:\/\/novascotiastart.ca\/fr\/wp-json\/wp\/v2\/users\/1"}],"replies":[{"embeddable":true,"href":"https:\/\/novascotiastart.ca\/fr\/wp-json\/wp\/v2\/comments?post=556"}],"version-history":[{"count":1,"href":"https:\/\/novascotiastart.ca\/fr\/wp-json\/wp\/v2\/pages\/556\/revisions"}],"predecessor-version":[{"id":565,"href":"https:\/\/novascotiastart.ca\/fr\/wp-json\/wp\/v2\/pages\/556\/revisions\/565"}],"wp:attachment":[{"href":"https:\/\/novascotiastart.ca\/fr\/wp-json\/wp\/v2\/media?parent=556"}],"curies":[{"name":"wp","href":"https:\/\/api.w.org\/{rel}","templated":true}]}}